{"id":2,"date":"2016-05-10T03:48:21","date_gmt":"2016-05-10T03:48:21","guid":{"rendered":"https:\/\/novalook.de\/de\/?page_id=2"},"modified":"2025-01-24T23:16:36","modified_gmt":"2025-01-24T23:16:36","slug":"sample-page","status":"publish","type":"page","link":"https:\/\/novalook.de\/de\/","title":{"rendered":"WELCOME"},"content":{"rendered":"\n<div class=\"wp-block-group has-global-padding is-layout-constrained wp-block-group-is-layout-constrained\">\n<div class=\"wp-block-columns is-layout-flex wp-container-core-columns-is-layout-28f84493 wp-block-columns-is-layout-flex\">\n<div class=\"wp-block-column is-vertically-aligned-top is-layout-flow wp-block-column-is-layout-flow\" style=\"flex-basis:50%\">\n<figure class=\"wp-block-image size-full\"><img loading=\"lazy\" decoding=\"async\" width=\"1500\" height=\"1500\" src=\"https:\/\/novalook.de\/de\/wp-content\/uploads\/2025\/01\/NOVALOOK_photodesign_profilbild_fotografin_koeln_freelancer_photographer.jpg\" alt=\"\" class=\"wp-image-337\" srcset=\"https:\/\/novalook.de\/de\/wp-content\/uploads\/2025\/01\/NOVALOOK_photodesign_profilbild_fotografin_koeln_freelancer_photographer.jpg 1500w, https:\/\/novalook.de\/de\/wp-content\/uploads\/2025\/01\/NOVALOOK_photodesign_profilbild_fotografin_koeln_freelancer_photographer-600x600.jpg 600w, https:\/\/novalook.de\/de\/wp-content\/uploads\/2025\/01\/NOVALOOK_photodesign_profilbild_fotografin_koeln_freelancer_photographer-300x300.jpg 300w, https:\/\/novalook.de\/de\/wp-content\/uploads\/2025\/01\/NOVALOOK_photodesign_profilbild_fotografin_koeln_freelancer_photographer-768x768.jpg 768w\" sizes=\"auto, (max-width: 1500px) 100vw, 1500px\" \/><\/figure>\n<\/div>\n\n\n\n<div class=\"wp-block-column is-layout-flow wp-container-core-column-is-layout-a77db08e wp-block-column-is-layout-flow\" style=\"flex-basis:35%\">\n<p style=\"margin-top:var(--wp--preset--spacing--20);margin-right:var(--wp--preset--spacing--50);margin-bottom:var(--wp--preset--spacing--20);margin-left:var(--wp--preset--spacing--50)\">Ich freue mich sehr, dass Du den Weg zu mir gefunden hast:<\/p>\n\n\n\n<p style=\"margin-top:var(--wp--preset--spacing--20);margin-right:var(--wp--preset--spacing--50);margin-bottom:var(--wp--preset--spacing--20);margin-left:var(--wp--preset--spacing--50)\">Als gelernte Fotografin \/ Mediengestalterin, liebe ich es k\u00fcnstlerisch t\u00e4tig zu sein. <\/p>\n\n\n\n<p style=\"margin-top:var(--wp--preset--spacing--20);margin-right:var(--wp--preset--spacing--50);margin-bottom:var(--wp--preset--spacing--20);margin-left:var(--wp--preset--spacing--50)\">Dazu geh\u00f6rt u.a. die Fotografie, die Videografie; Graphik Design und das Zeichnen, dazu.<\/p>\n\n\n\n<p style=\"margin-top:var(--wp--preset--spacing--30);margin-right:var(--wp--preset--spacing--50);margin-bottom:var(--wp--preset--spacing--30);margin-left:var(--wp--preset--spacing--50)\">Durch meine Kreativit\u00e4t, erschaffe ich individuelle, sch\u00f6ne L\u00f6sungen in vielen Bereichen.<\/p>\n\n\n\n<p style=\"margin-top:var(--wp--preset--spacing--30);margin-right:var(--wp--preset--spacing--50);margin-bottom:var(--wp--preset--spacing--30);margin-left:var(--wp--preset--spacing--50)\">Dadurch entsteht eine neue Frische, von der Art des Blickwinkels bis hin zu den noch unentdeckten M\u00f6glichkeiten.<\/p>\n\n\n\n<p style=\"border-style:none;border-width:0px;margin-top:var(--wp--preset--spacing--30);margin-right:var(--wp--preset--spacing--50);margin-bottom:var(--wp--preset--spacing--30);margin-left:var(--wp--preset--spacing--50)\"><\/p>\n\n\n\n<p><\/p>\n\n\n\n<p style=\"margin-top:var(--wp--preset--spacing--20);margin-right:var(--wp--preset--spacing--50);margin-bottom:var(--wp--preset--spacing--20);margin-left:var(--wp--preset--spacing--50)\">#Eventfotografie #Peoplefotografie #Produktfotografie #Modefotografie #Videografie #Sportfotografie #Konzertbilder #Businessfotografie #Interiorbilder #Motorradfotografie #Motorsport <\/p>\n\n\n\n<p style=\"margin-top:var(--wp--preset--spacing--30);margin-right:var(--wp--preset--spacing--50);margin-bottom:var(--wp--preset--spacing--30);margin-left:var(--wp--preset--spacing--50)\"><\/p>\n<\/div>\n<\/div>\n<\/div>\n\n\n\n<p><\/p>\n","protected":false},"excerpt":{"rendered":"<p>Ich freue mich sehr, dass Du den Weg zu mir gefunden hast: Als gelernte Fotografin \/ Mediengestalterin, liebe ich es k\u00fcnstlerisch t\u00e4tig zu sein. Dazu geh\u00f6rt u.a. die [&hellip;]<\/p>\n","protected":false},"author":1,"featured_media":320,"parent":0,"menu_order":0,"comment_status":"closed","ping_status":"closed","template":"","meta":{"footnotes":""},"class_list":["post-2","page","type-page","status-publish","has-post-thumbnail","hentry"],"_links":{"self":[{"href":"https:\/\/novalook.de\/de\/index.php?rest_route=\/wp\/v2\/pages\/2","targetHints":{"allow":["GET"]}}],"collection":[{"href":"https:\/\/novalook.de\/de\/index.php?rest_route=\/wp\/v2\/pages"}],"about":[{"href":"https:\/\/novalook.de\/de\/index.php?rest_route=\/wp\/v2\/types\/page"}],"author":[{"embeddable":true,"href":"https:\/\/novalook.de\/de\/index.php?rest_route=\/wp\/v2\/users\/1"}],"replies":[{"embeddable":true,"href":"https:\/\/novalook.de\/de\/index.php?rest_route=%2Fwp%2Fv2%2Fcomments&post=2"}],"version-history":[{"count":14,"href":"https:\/\/novalook.de\/de\/index.php?rest_route=\/wp\/v2\/pages\/2\/revisions"}],"predecessor-version":[{"id":340,"href":"https:\/\/novalook.de\/de\/index.php?rest_route=\/wp\/v2\/pages\/2\/revisions\/340"}],"wp:featuredmedia":[{"embeddable":true,"href":"https:\/\/novalook.de\/de\/index.php?rest_route=\/wp\/v2\/media\/320"}],"wp:attachment":[{"href":"https:\/\/novalook.de\/de\/index.php?rest_route=%2Fwp%2Fv2%2Fmedia&parent=2"}],"curies":[{"name":"wp","href":"https:\/\/api.w.org\/{rel}","templated":true}]}}